{"id":31054,"date":"2022-11-04T17:52:52","date_gmt":"2022-11-04T16:52:52","guid":{"rendered":"https:\/\/1291ib.swiss\/cookie-policy-ue\/"},"modified":"2022-11-04T19:03:34","modified_gmt":"2022-11-04T18:03:34","slug":"cookie-policy-ue","status":"publish","type":"page","link":"https:\/\/1291ib.swiss\/de\/cookie-policy-ue\/","title":{"rendered":"Cookie Policy (UE)"},"content":{"rendered":"<h3>Cookie Policy (UE)<\/h3>\n<p>Diese Cookie-Richtlinie wurde zuletzt am 4. November 2022 aktualisiert und gilt f\u00fcr B\u00fcrger und Personen mit st\u00e4ndigem Wohnsitz im Europ\u00e4ischen Wirtschaftsraum und der Schweiz.<\/p>\n<p>1. Einf\u00fchrung<br \/>\nUnsere Website https:\/\/1291ib.swiss (im Folgenden: &#8222;die Website&#8220;) verwendet Cookies und andere damit verbundene Technologien (der Einfachheit halber werden alle Technologien als &#8222;Cookies&#8220; bezeichnet). Cookies werden auch von Dritten gesetzt, die wir beauftragt haben. Im folgenden Dokument informieren wir Sie \u00fcber die Verwendung von Cookies auf unserer Website.<\/p>\n<p>2. Was sind Cookies?<br \/>\nCookies sind einfache Dateien, die mit den Seiten dieser Website verschickt und von Ihrem Browser auf der Festplatte Ihres Computers oder einem anderen Ger\u00e4t gespeichert werden. Die darin gesammelten Informationen k\u00f6nnen bei Ihrem n\u00e4chsten Besuch an unsere Server oder an die Server von Drittanbietern zur\u00fcckgeschickt werden.<\/p>\n<p>3. Was sind Skripte?<br \/>\nEin Skript ist ein Teil des Codes, der daf\u00fcr sorgt, dass unsere Website korrekt und interaktiv funktioniert. Dieser Code wird auf unseren Servern oder auf Ihrem Ger\u00e4t ausgef\u00fchrt.<\/p>\n<p>4. Was ist ein Web-Beacon?<br \/>\nEin Web-Beacon (oder Pixel-Tag) ist ein kleines, unsichtbares St\u00fcck Text oder Bild auf einer Website, das zur \u00dcberwachung des Datenverkehrs auf einer Website verwendet wird. Zu diesem Zweck werden verschiedene Daten \u00fcber Sie mit Hilfe von Web-Beacons gespeichert.<\/p>\n<p>5. Cookies<br \/>\n5.1 Technische oder funktionale Cookies<\/p>\n<p>Einige Cookies stellen sicher, dass die Website ordnungsgem\u00e4\u00df funktioniert und dass Ihre Einstellungen g\u00fcltig bleiben. Indem wir funktionale Cookies setzen, erleichtern wir Ihnen den Besuch unserer Website. Auf diese Weise m\u00fcssen Sie nicht immer wieder dieselben Informationen eingeben, wenn Sie unsere Website besuchen, z. B. bleibt der Artikel in Ihrem Einkaufswagen, bis Sie ihn bezahlt haben. Wir k\u00f6nnen diese Cookies ohne Ihre Zustimmung setzen.<\/p>\n<p>5.2 Statistische Cookies<\/p>\n<p>Wir verwenden statistische Cookies, um die Website f\u00fcr unsere Nutzer zu optimieren. Mit diesen statistischen Cookies erhalten wir Einblicke in die Nutzung unserer Website. Wir bitten Sie um Ihre Zustimmung zur Platzierung von statistischen Cookies<\/p>\n<p>5.3 Marketing-\/Tracking-Cookies<\/p>\n<p>Marketing-\/Tracking-Cookies sind Cookies oder jede andere Form der lokalen Speicherung, die dazu verwendet werden, Benutzerprofile zu erstellen, um Werbung anzuzeigen oder um Sie auf dieser Website oder anderen Websites zu \u00e4hnlichen Marketingzwecken zu verfolgen.<\/p>\n<p>5.4 Soziale Medien<\/p>\n<p>Wir haben Facebook- und LinkedIn-Inhalte auf unserer Website eingebettet, um Webseiten zu bewerben (z. B. &#8222;Gef\u00e4llt mir&#8220;, &#8222;Anheften&#8220;) oder sie in sozialen Netzwerken wie Facebook und LinkedIn zu teilen (z. B. &#8222;Tweeten&#8220;). Dieser Inhalt ist mit einem von Facebook und LinkedIn abgeleiteten Code eingebettet und f\u00fcgt Cookies ein. Dieser Inhalt kann einige Informationen f\u00fcr personalisierte Werbung speichern und verarbeiten.<\/p>\n<p>Lesen Sie die Datenschutzrichtlinien dieser sozialen Netzwerke (die sich regelm\u00e4\u00dfig \u00e4ndern k\u00f6nnen), um herauszufinden, was sie mit Ihren (personenbezogenen) Daten machen, die sie mit Hilfe dieser Cookies verarbeiten. Die gewonnenen Daten werden so weit wie m\u00f6glich anonymisiert. Facebook und LinkedIn haben ihren Sitz in den Vereinigten Staaten.<\/p>\n<p>6. Geschenk-Kekse<br \/>\nElementor<br \/>\nStatistik (anonym)<\/p>\n<p>Google Analytics<br \/>\nStatistik<\/p>\n<p>Matomo<br \/>\nStatistik (anonym)<\/p>\n<p>WPML<br \/>\nFunktionell<\/p>\n<p>Google reCAPTCHA<br \/>\nWerbung\/Tracking<\/p>\n<p>Facebook<br \/>\nWerbung\/Tracking, Funktional<\/p>\n<p>LinkedIn<br \/>\nWerbung\/Tracking, Funktional<\/p>\n<p>Verschiedene<br \/>\nZweck der Untersuchung steht noch aus<\/p>\n<p>7. Erlauben Sie<br \/>\nWenn Sie die Website zum ersten Mal besuchen, wird ein Popup-Fenster mit einer Erkl\u00e4rung der Cookies angezeigt. Sobald Sie auf &#8222;Einstellungen speichern&#8220; klicken, geben Sie uns die Erlaubnis, die Cookie- und Plugin-Kategorien wie in diesem Popup und der Cookie-Erkl\u00e4rung beschrieben zu verwenden. Sie k\u00f6nnen Cookies in Ihrem Browser deaktivieren, aber beachten Sie bitte, dass unsere Website dann m\u00f6glicherweise nicht mehr richtig funktioniert.<\/p>\n<p>7.1 Verwalten Sie Ihre Einwilligungseinstellungen<\/p>\n<p>Funktionell<br \/>\nImmer eingeschaltet<br \/>\nStatistik<\/p>\n<p>Marketing<\/p>\n<p>8. Aktivieren\/Deaktivieren und L\u00f6schen von Cookies<br \/>\nSie k\u00f6nnen Ihren Browser verwenden, um Cookies automatisch oder manuell zu l\u00f6schen. Sie k\u00f6nnen auch festlegen, dass bestimmte Cookies nicht platziert werden k\u00f6nnen. Eine weitere M\u00f6glichkeit besteht darin, die Einstellungen Ihres Internetbrowsers so zu \u00e4ndern, dass Sie jedes Mal eine Meldung erhalten, wenn ein Cookie gesetzt wird. Weitere Informationen zu diesen Optionen finden Sie in den Anweisungen im Hilfebereich Ihres Browsers.<\/p>\n<p>Bitte beachten Sie, dass unsere Website m\u00f6glicherweise nicht richtig funktioniert, wenn alle Cookies deaktiviert sind. Wenn Sie Cookies in Ihrem Browser l\u00f6schen, werden sie nach Ihrer Zustimmung wieder gesetzt, wenn Sie unsere Seite erneut besuchen.<\/p>\n<p>9. Ihre Rechte in Bezug auf personenbezogene Daten<br \/>\nSie haben die folgenden Rechte in Bezug auf Ihre personenbezogenen Daten:<\/p>\n<p>Sie haben das Recht zu erfahren, wann Ihre personenbezogenen Daten ben\u00f6tigt werden, was mit ihnen geschieht und wie lange sie aufbewahrt werden.<br \/>\nAuskunftsrecht: Sie haben das Recht auf Auskunft \u00fcber Ihre personenbezogenen Daten, von denen wir Kenntnis haben.<br \/>\nRecht auf Berichtigung: Sie haben das Recht, Ihre personenbezogenen Daten zu erg\u00e4nzen, zu berichtigen, zu l\u00f6schen oder zu sperren, wann immer Sie dies w\u00fcnschen.<br \/>\nWenn Sie uns eine Einwilligung zur Verarbeitung Ihrer Daten erteilt haben, haben Sie das Recht, diese Einwilligung zu widerrufen und Ihre personenbezogenen Daten zu l\u00f6schen.<br \/>\nRecht auf \u00dcbermittlung Ihrer Daten: Sie haben das Recht, alle Ihre Daten von dem f\u00fcr die Verarbeitung Verantwortlichen anzufordern und sie an einen anderen f\u00fcr die Verarbeitung Verantwortlichen zu \u00fcbermitteln.<br \/>\nWiderspruchsrecht: Sie haben das Recht, der Verarbeitung Ihrer Daten zu widersprechen. Wir werden diese Entscheidung respektieren, es sei denn, es gibt einen triftigen Grund f\u00fcr das Verfahren.<br \/>\nUm diese Rechte auszu\u00fcben, wenden Sie sich bitte an uns. Bitte beachten Sie die Kontaktinformationen am Ende dieser Cookie-Richtlinie. Wenn Sie sich dar\u00fcber beschweren m\u00f6chten, wie wir mit Ihren Daten umgehen, w\u00fcrden wir uns freuen, von Ihnen zu h\u00f6ren, aber Sie haben auch das Recht, sich bei der Aufsichtsbeh\u00f6rde (der Datenschutzbeh\u00f6rde) zu beschweren.<\/p>\n<p>10. Kontaktangaben<br \/>\nBei Fragen und\/oder Anmerkungen zur Cookie-Richtlinie und dieser Erkl\u00e4rung wenden Sie sich bitte an die folgenden Kontaktdaten:<\/p>\n<p>1291 Versicherungsmakler SA<br \/>\nVia S. Balestra 9 Casella Postale &#8211; CH6901 Lugano<\/p>\n<p>&nbsp;<\/p>\n<p>&nbsp;<\/p>\n","protected":false},"excerpt":{"rendered":"<p>Cookie Policy (UE) Diese Cookie-Richtlinie wurde zuletzt am 4. November 2022 aktualisiert und gilt f\u00fcr B\u00fcrger und Personen mit st\u00e4ndigem Wohnsitz im Europ\u00e4ischen Wirtschaftsraum und der Schweiz. 1. Einf\u00fchrung Unsere Website https:\/\/1291ib.swiss (im Folgenden: &#8222;die Website&#8220;) verwendet Cookies und andere damit verbundene Technologien (der Einfachheit halber werden alle Technologien als &#8222;Cookies&#8220; bezeichnet). Cookies werden auch [&hellip;]<\/p>\n","protected":false},"author":1,"featured_media":0,"parent":0,"menu_order":0,"comment_status":"closed","ping_status":"closed","template":"","meta":{"footnotes":""},"class_list":["post-31054","page","type-page","status-publish","hentry"],"_links":{"self":[{"href":"https:\/\/1291ib.swiss\/de\/wp-json\/wp\/v2\/pages\/31054","targetHints":{"allow":["GET"]}}],"collection":[{"href":"https:\/\/1291ib.swiss\/de\/wp-json\/wp\/v2\/pages"}],"about":[{"href":"https:\/\/1291ib.swiss\/de\/wp-json\/wp\/v2\/types\/page"}],"author":[{"embeddable":true,"href":"https:\/\/1291ib.swiss\/de\/wp-json\/wp\/v2\/users\/1"}],"replies":[{"embeddable":true,"href":"https:\/\/1291ib.swiss\/de\/wp-json\/wp\/v2\/comments?post=31054"}],"version-history":[{"count":5,"href":"https:\/\/1291ib.swiss\/de\/wp-json\/wp\/v2\/pages\/31054\/revisions"}],"predecessor-version":[{"id":31063,"href":"https:\/\/1291ib.swiss\/de\/wp-json\/wp\/v2\/pages\/31054\/revisions\/31063"}],"wp:attachment":[{"href":"https:\/\/1291ib.swiss\/de\/wp-json\/wp\/v2\/media?parent=31054"}],"curies":[{"name":"wp","href":"https:\/\/api.w.org\/{rel}","templated":true}]}}